{"id":285,"date":"2019-07-01T14:50:26","date_gmt":"2019-07-01T12:50:26","guid":{"rendered":"https:\/\/spathailuxe.com\/versailles\/?post_type=product&#038;p=285"},"modified":"2022-12-29T16:28:00","modified_gmt":"2022-12-29T15:28:00","slug":"abonnement-12h","status":"publish","type":"product","link":"https:\/\/spathailuxe.com\/versailles\/product\/abonnement-12h\/","title":{"rendered":"Abonnement 12H"},"content":{"rendered":"<p>Valable 1 an \u00e0 date d&rsquo;achat.<\/p>\n","protected":false},"excerpt":{"rendered":"<p>Valable 1 an \u00e0 date d&rsquo;achat.<br \/>\nNon nominatif.<br \/>\nPossibilit\u00e9 de faire des heures cadeaux \u00e0 votre entourage.<br \/>\nSpa Tha\u00ef Versailles ne prend en aucun la responsabilit\u00e9 de la date butoir de l&rsquo;abonnement.<br \/>\nSpa Tha\u00ef Versailles se r\u00e9serve cependant la possibilit\u00e9 de proposer<br \/>\naux abonn\u00e9s une prolongation de leur abonnement sous certaines conditions, voir en boutique.<\/p>\n","protected":false},"featured_media":0,"template":"","meta":{"_mi_skip_tracking":false},"product_cat":[22],"product_tag":[],"class_list":["post-285","product","type-product","status-publish","hentry","product_cat-solo"],"_links":{"self":[{"href":"https:\/\/spathailuxe.com\/versailles\/wp-json\/wp\/v2\/product\/285","targetHints":{"allow":["GET"]}}],"collection":[{"href":"https:\/\/spathailuxe.com\/versailles\/wp-json\/wp\/v2\/product"}],"about":[{"href":"https:\/\/spathailuxe.com\/versailles\/wp-json\/wp\/v2\/types\/product"}],"wp:attachment":[{"href":"https:\/\/spathailuxe.com\/versailles\/wp-json\/wp\/v2\/media?parent=285"}],"wp:term":[{"taxonomy":"product_cat","embeddable":true,"href":"https:\/\/spathailuxe.com\/versailles\/wp-json\/wp\/v2\/product_cat?post=285"},{"taxonomy":"product_tag","embeddable":true,"href":"https:\/\/spathailuxe.com\/versailles\/wp-json\/wp\/v2\/product_tag?post=285"}],"curies":[{"name":"wp","href":"https:\/\/api.w.org\/{rel}","templated":true}]}}