{"id":230,"date":"2019-07-01T14:36:33","date_gmt":"2019-07-01T12:36:33","guid":{"rendered":"https:\/\/spathailuxe.com\/versailles\/?post_type=product&#038;p=230"},"modified":"2021-01-15T18:27:03","modified_gmt":"2021-01-15T17:27:03","slug":"massage-a-4-mains-duo-1h00-cadeau","status":"publish","type":"product","link":"https:\/\/spathailuxe.com\/versailles\/product\/massage-a-4-mains-duo-1h00-cadeau\/","title":{"rendered":"Massage \u00e0 4 mains &#8211; DUO 1H00 &#8211; CADEAU"},"content":{"rendered":"<p>Le massage \u00e0 quatre mains est une chor\u00e9graphie de man\u0153uvres fluides, douces et pr\u00e9cises, r\u00e9alis\u00e9es en rythme et de fa\u00e7on cordonn\u00e9e pour vous offrir un moment de relaxation \u00e0 l\u2019\u00e9tat pur.<\/p>\n","protected":false},"excerpt":{"rendered":"<p>OFFRE SPECIALE<\/p>\n<p>269\u20ac AU LIEU DE 459\u20ac<\/p>\n","protected":false},"featured_media":115,"template":"","meta":{"_mi_skip_tracking":false},"product_cat":[25],"product_tag":[],"class_list":["post-230","product","type-product","status-publish","has-post-thumbnail","hentry","product_cat-carte-cadeau-duo"],"_links":{"self":[{"href":"https:\/\/spathailuxe.com\/versailles\/wp-json\/wp\/v2\/product\/230","targetHints":{"allow":["GET"]}}],"collection":[{"href":"https:\/\/spathailuxe.com\/versailles\/wp-json\/wp\/v2\/product"}],"about":[{"href":"https:\/\/spathailuxe.com\/versailles\/wp-json\/wp\/v2\/types\/product"}],"wp:featuredmedia":[{"embeddable":true,"href":"https:\/\/spathailuxe.com\/versailles\/wp-json\/wp\/v2\/media\/115"}],"wp:attachment":[{"href":"https:\/\/spathailuxe.com\/versailles\/wp-json\/wp\/v2\/media?parent=230"}],"wp:term":[{"taxonomy":"product_cat","embeddable":true,"href":"https:\/\/spathailuxe.com\/versailles\/wp-json\/wp\/v2\/product_cat?post=230"},{"taxonomy":"product_tag","embeddable":true,"href":"https:\/\/spathailuxe.com\/versailles\/wp-json\/wp\/v2\/product_tag?post=230"}],"curies":[{"name":"wp","href":"https:\/\/api.w.org\/{rel}","templated":true}]}}