{"id":198,"date":"2019-07-01T14:36:24","date_gmt":"2019-07-01T12:36:24","guid":{"rendered":"https:\/\/spathailuxe.com\/versailles\/?post_type=product&#038;p=198"},"modified":"2020-08-13T18:29:51","modified_gmt":"2020-08-13T16:29:51","slug":"reflexologie-plantaire-duo-1h00","status":"publish","type":"product","link":"https:\/\/spathailuxe.com\/versailles\/product\/reflexologie-plantaire-duo-1h00\/","title":{"rendered":"R\u00e9flexologie plantaire &#8211; DUO 1H00"},"content":{"rendered":"<p>Depuis plus de 3000 ans le foot massage r\u00e9flexologie Plantaire ou massage tha\u00ef des pieds permet de pr\u00e9venir de nombreux maux tels que les troubles digestifs, les migraines ou encore les jambes lourdes.<\/p>\n<p>La r\u00e9flexologie plantaire consiste en la manipulation des pieds et des jambes par des massages et des pressions cibl\u00e9es \u00e0 l\u2019aide d\u2019un stick de massage ou directement avec les paumes de mains et les doigts. Il stimule les organes internes \u00e0 travers des zones r\u00e9flexes situ\u00e9es sur la face plantaire des pieds. Il permet d\u2019\u00e9vacuer efficacement le stress de la vie quotidienne et de se d\u00e9tendre. Combinez ce soin \u00e0 un massage au choix pour plus de d\u00e9tente.<\/p>\n","protected":false},"excerpt":{"rendered":"<p>Depuis plus de 3000 ans le foot massage r\u00e9flexologie Plantaire ou massage tha\u00ef des pieds permet de pr\u00e9venir de nombreux maux tels que les troubles digestifs, les migraines ou encore les jambes lourdes. La r\u00e9flexologie plantaire consiste en la manipulation des pieds et des jambes par des massages et des pressions cibl\u00e9es \u00e0 l\u2019aide d\u2019un [&hellip;]<\/p>\n","protected":false},"featured_media":115,"template":"","meta":{"_mi_skip_tracking":false},"product_cat":[23],"product_tag":[],"class_list":["post-198","product","type-product","status-publish","has-post-thumbnail","hentry","product_cat-duo"],"_links":{"self":[{"href":"https:\/\/spathailuxe.com\/versailles\/wp-json\/wp\/v2\/product\/198","targetHints":{"allow":["GET"]}}],"collection":[{"href":"https:\/\/spathailuxe.com\/versailles\/wp-json\/wp\/v2\/product"}],"about":[{"href":"https:\/\/spathailuxe.com\/versailles\/wp-json\/wp\/v2\/types\/product"}],"wp:featuredmedia":[{"embeddable":true,"href":"https:\/\/spathailuxe.com\/versailles\/wp-json\/wp\/v2\/media\/115"}],"wp:attachment":[{"href":"https:\/\/spathailuxe.com\/versailles\/wp-json\/wp\/v2\/media?parent=198"}],"wp:term":[{"taxonomy":"product_cat","embeddable":true,"href":"https:\/\/spathailuxe.com\/versailles\/wp-json\/wp\/v2\/product_cat?post=198"},{"taxonomy":"product_tag","embeddable":true,"href":"https:\/\/spathailuxe.com\/versailles\/wp-json\/wp\/v2\/product_tag?post=198"}],"curies":[{"name":"wp","href":"https:\/\/api.w.org\/{rel}","templated":true}]}}