{"id":182,"date":"2019-07-01T14:36:19","date_gmt":"2019-07-01T12:36:19","guid":{"rendered":"https:\/\/spathailuxe.com\/versailles\/?post_type=product&#038;p=182"},"modified":"2022-02-13T11:38:09","modified_gmt":"2022-02-13T10:38:09","slug":"massage-aux-huiles-chaudes-100-naturelle-duo-1h00","status":"publish","type":"product","link":"https:\/\/spathailuxe.com\/versailles\/product\/massage-aux-huiles-chaudes-100-naturelle-duo-1h00\/","title":{"rendered":"Massage aux Huiles Chaudes 100% Naturelle &#8211; DUO 1H00"},"content":{"rendered":"<p>Modelage aux huiles chaudes 100% Naturelle.<br \/>\nLe modelage Thai aux huiles aromatiques chaudes alterne mouvements fluides et pressions profondes, tapotements et frictions sur les muscles les plus tendus. Gr\u00e2ce aux p\u00e9trissages musculaires exerc\u00e9s par les paumes, le modelage aux huiles aromatiques d\u00e9noue toutes les tensions et permet de r\u00e9\u00e9quilibrer la circulation \u00e9nerg\u00e9tique.<\/p>\n<p>Les vertus de ces huiles sont apaisantes, purifiantes, et vous assurent une relaxation intense. Les senteurs s\u00e9lectionn\u00e9es comme le jasmin, le th\u00e9 vert ou orchid\u00e9e vous procurent un bien \u00eatre total.<\/p>\n<p>Le modelage Thai aux huiles aromatiques chaudes est un combin\u00e9 relaxant, m\u00ealant les propri\u00e9t\u00e9s des huiles aromatiques \u00e0 l\u2019efficacit\u00e9 du massage Thai traditionnel, car il consiste aussi \u00e0 travailler sur les points et les lignes d\u2019\u00e9nergie.<\/p>\n<p>Bien que relaxant, le modelages aux huiles aromatiques chaudes est un modelage assez profond<\/p>\n","protected":false},"excerpt":{"rendered":"<p>OFFRE SPECIALE<\/p>\n<p>149\u20ac AU LIEU DE 239\u20ac<\/p>\n","protected":false},"featured_media":115,"template":"","meta":{"_mi_skip_tracking":false},"product_cat":[23],"product_tag":[],"class_list":["post-182","product","type-product","status-publish","has-post-thumbnail","hentry","product_cat-duo"],"_links":{"self":[{"href":"https:\/\/spathailuxe.com\/versailles\/wp-json\/wp\/v2\/product\/182","targetHints":{"allow":["GET"]}}],"collection":[{"href":"https:\/\/spathailuxe.com\/versailles\/wp-json\/wp\/v2\/product"}],"about":[{"href":"https:\/\/spathailuxe.com\/versailles\/wp-json\/wp\/v2\/types\/product"}],"wp:featuredmedia":[{"embeddable":true,"href":"https:\/\/spathailuxe.com\/versailles\/wp-json\/wp\/v2\/media\/115"}],"wp:attachment":[{"href":"https:\/\/spathailuxe.com\/versailles\/wp-json\/wp\/v2\/media?parent=182"}],"wp:term":[{"taxonomy":"product_cat","embeddable":true,"href":"https:\/\/spathailuxe.com\/versailles\/wp-json\/wp\/v2\/product_cat?post=182"},{"taxonomy":"product_tag","embeddable":true,"href":"https:\/\/spathailuxe.com\/versailles\/wp-json\/wp\/v2\/product_tag?post=182"}],"curies":[{"name":"wp","href":"https:\/\/api.w.org\/{rel}","templated":true}]}}