{"id":173,"date":"2019-07-01T14:36:17","date_gmt":"2019-07-01T12:36:17","guid":{"rendered":"https:\/\/spathailuxe.com\/versailles\/?post_type=product&#038;p=173"},"modified":"2020-08-13T19:20:17","modified_gmt":"2020-08-13T17:20:17","slug":"massage-a-4-mains-solo-1h00","status":"publish","type":"product","link":"https:\/\/spathailuxe.com\/versailles\/product\/massage-a-4-mains-solo-1h00\/","title":{"rendered":"Massage \u00e0 4 mains &#8211; SOLO 1H00"},"content":{"rendered":"<p>Le massage \u00e0 quatre mains est une chor\u00e9graphie de man\u0153uvres fluides, douces et pr\u00e9cises, r\u00e9alis\u00e9es en rythme et de fa\u00e7on cordonn\u00e9e pour vous offrir un moment de relaxation \u00e0 l\u2019\u00e9tat pur.<\/p>\n","protected":false},"excerpt":{"rendered":"<p>Le massage \u00e0 quatre mains est une chor\u00e9graphie de man\u0153uvres fluides, douces et pr\u00e9cises, r\u00e9alis\u00e9es en rythme et de fa\u00e7on cordonn\u00e9e pour vous offrir un moment de relaxation \u00e0 l\u2019\u00e9tat pur.<\/p>\n","protected":false},"featured_media":115,"template":"","meta":{"_mi_skip_tracking":false},"product_cat":[22],"product_tag":[],"class_list":["post-173","product","type-product","status-publish","has-post-thumbnail","hentry","product_cat-solo"],"_links":{"self":[{"href":"https:\/\/spathailuxe.com\/versailles\/wp-json\/wp\/v2\/product\/173","targetHints":{"allow":["GET"]}}],"collection":[{"href":"https:\/\/spathailuxe.com\/versailles\/wp-json\/wp\/v2\/product"}],"about":[{"href":"https:\/\/spathailuxe.com\/versailles\/wp-json\/wp\/v2\/types\/product"}],"wp:featuredmedia":[{"embeddable":true,"href":"https:\/\/spathailuxe.com\/versailles\/wp-json\/wp\/v2\/media\/115"}],"wp:attachment":[{"href":"https:\/\/spathailuxe.com\/versailles\/wp-json\/wp\/v2\/media?parent=173"}],"wp:term":[{"taxonomy":"product_cat","embeddable":true,"href":"https:\/\/spathailuxe.com\/versailles\/wp-json\/wp\/v2\/product_cat?post=173"},{"taxonomy":"product_tag","embeddable":true,"href":"https:\/\/spathailuxe.com\/versailles\/wp-json\/wp\/v2\/product_tag?post=173"}],"curies":[{"name":"wp","href":"https:\/\/api.w.org\/{rel}","templated":true}]}}