{"id":170,"date":"2019-07-01T14:36:16","date_gmt":"2019-07-01T12:36:16","guid":{"rendered":"https:\/\/spathailuxe.com\/versailles\/?post_type=product&#038;p=170"},"modified":"2020-08-13T19:23:16","modified_gmt":"2020-08-13T17:23:16","slug":"massage-prenatal-femme-enceinte-a-partir-de-3-mois-solo-1h00","status":"publish","type":"product","link":"https:\/\/spathailuxe.com\/versailles\/product\/massage-prenatal-femme-enceinte-a-partir-de-3-mois-solo-1h00\/","title":{"rendered":"Massage pr\u00e9natal femme enceinte (\u00e0 partir de 3 mois) &#8211; SOLO 1H00"},"content":{"rendered":"<p>Le massage pour femmes enceintes est propos\u00e9 \u00e0 partir du 4\u00e8me mois de grossesse jusqu\u2019au milieu du 8\u00e8me mois.<br \/>\nC\u2019est un massage aux huiles neutres qui est avant tout un massage de d\u00e9tente et de relaxation.<br \/>\nC\u2019est l\u2019utilisation de techniques sp\u00e9cifiques ajust\u00e9es aux besoins et aux transformations de la future maman qui vont permettre d\u2019am\u00e9liorer la circulation du sang, d\u2019assouplir la peau et les muscles, ainsi que de soulager les douleurs du dos et des jambes.<br \/>\nL\u2019objectif est d\u2019accompagner la future maman dans sa grossesse afin qu\u2019elle puisse la vivre avec moins de douleur, moins de fatigue, plus d\u2019\u00e9nergie et moins de stress.<br \/>\nEt ce qui est bon pour maman est bon pour b\u00e9b\u00e9.<br \/>\nNous proposons aussi des massages pour l\u2019apr\u00e8s grossesse afin que la maman retrouve tonus et vitalit\u00e9 plus rapidement.<\/p>\n","protected":false},"excerpt":{"rendered":"<p>\u00e0 Partir de 3mois et demi<\/p>\n","protected":false},"featured_media":115,"template":"","meta":{"_mi_skip_tracking":false},"product_cat":[22],"product_tag":[],"class_list":["post-170","product","type-product","status-publish","has-post-thumbnail","hentry","product_cat-solo"],"_links":{"self":[{"href":"https:\/\/spathailuxe.com\/versailles\/wp-json\/wp\/v2\/product\/170","targetHints":{"allow":["GET"]}}],"collection":[{"href":"https:\/\/spathailuxe.com\/versailles\/wp-json\/wp\/v2\/product"}],"about":[{"href":"https:\/\/spathailuxe.com\/versailles\/wp-json\/wp\/v2\/types\/product"}],"wp:featuredmedia":[{"embeddable":true,"href":"https:\/\/spathailuxe.com\/versailles\/wp-json\/wp\/v2\/media\/115"}],"wp:attachment":[{"href":"https:\/\/spathailuxe.com\/versailles\/wp-json\/wp\/v2\/media?parent=170"}],"wp:term":[{"taxonomy":"product_cat","embeddable":true,"href":"https:\/\/spathailuxe.com\/versailles\/wp-json\/wp\/v2\/product_cat?post=170"},{"taxonomy":"product_tag","embeddable":true,"href":"https:\/\/spathailuxe.com\/versailles\/wp-json\/wp\/v2\/product_tag?post=170"}],"curies":[{"name":"wp","href":"https:\/\/api.w.org\/{rel}","templated":true}]}}