{"id":47,"date":"2019-06-25T17:03:05","date_gmt":"2019-06-25T15:03:05","guid":{"rendered":"https:\/\/spathailuxe.com\/versailles\/?page_id=47"},"modified":"2019-07-11T17:28:05","modified_gmt":"2019-07-11T15:28:05","slug":"contact","status":"publish","type":"page","link":"https:\/\/spathailuxe.com\/versailles\/contact\/","title":{"rendered":"Contact"},"content":{"rendered":"<div id=\"pl-47\"  class=\"panel-layout\" ><div id=\"pg-47-0\"  class=\"panel-grid panel-no-style\" ><div id=\"pgc-47-0-0\"  class=\"panel-grid-cell\" ><div id=\"panel-47-0-0-0\" class=\"so-panel widget widget_sow-editor panel-first-child panel-last-child\" data-index=\"0\" ><div\n\t\t\t\n\t\t\tclass=\"so-widget-sow-editor so-widget-sow-editor-base\"\n\t\t\t\n\t\t>\n<div class=\"siteorigin-widget-tinymce textwidget\">\n\t<h1 id=\"titreH1\" style=\"text-align: center;\"><i class=\"fa fa-map-marker\" aria-hidden=\"true\"> Acc\u00e8s &amp; Contact<\/i><\/h1>\n<\/div>\n<\/div><\/div><\/div><\/div><div id=\"pg-47-1\"  class=\"panel-grid panel-no-style\" ><div id=\"pgc-47-1-0\"  class=\"panel-grid-cell\" ><div id=\"panel-47-1-0-0\" class=\"so-panel widget widget_sow-editor panel-first-child panel-last-child\" data-index=\"1\" ><div\n\t\t\t\n\t\t\tclass=\"so-widget-sow-editor so-widget-sow-editor-base\"\n\t\t\t\n\t\t>\n<div class=\"siteorigin-widget-tinymce textwidget\">\n\t<h4 style=\"text-align: center;\">HORAIRES D'OUVERTURE<\/h4>\n<hr \/>\n<p>&nbsp;<\/p>\n<p style=\"text-align: center;\">L\u2019institut SPA THAI Pte de VERSAILLES est ouvert :<br \/>\n<i class=\"fa fa-calendar\" style=\"font-style: none; font-size: 16px;\" aria-hidden=\"true\"> du lundi au vendredi de 11h \u00e0 20h<\/i><br \/>\n<i class=\"fa fa-clock-o\" style=\"font-style: none; font-size: 16px;\" aria-hidden=\"true\"> le week-end de 11h \u00e0 21h<\/i><\/p>\n<p>&nbsp;<\/p>\n<\/div>\n<\/div><\/div><\/div><div id=\"pgc-47-1-1\"  class=\"panel-grid-cell\" ><div id=\"panel-47-1-1-0\" class=\"so-panel widget widget_sow-editor panel-first-child panel-last-child\" data-index=\"2\" ><div\n\t\t\t\n\t\t\tclass=\"so-widget-sow-editor so-widget-sow-editor-base\"\n\t\t\t\n\t\t>\n<div class=\"siteorigin-widget-tinymce textwidget\">\n\t<h4 style=\"text-align: center;\">COORDONN\u00c9ES<\/h4>\n<hr \/>\n<p>&nbsp;<\/p>\n<div class=\"vc_col-sm-6 wpb_column vc_column_container text-center\">\n<div class=\"wpb_wrapper\">\n<div class=\"wpb_text_column wpb_content_element \">\n<div class=\"wpb_wrapper\">\n<p style=\"text-align: center;\"><i class=\"fa fa-phone\" style=\"font-style: none; font-size: 16px;\" aria-hidden=\"true\"> 09 83 68 95 65<\/i><br \/>\n<i class=\"fa fa-envelope\" style=\"font-style: none; font-size: 16px;\" aria-hidden=\"true\"> pte.versailles@spathailuxe.com<\/i><br \/>\n<i class=\"fa fa-map-marker\" style=\"font-style: none; font-size: 16px;\" aria-hidden=\"true\"> 254 rue Croix Nivert 75015 PARIS<\/i><br \/>\n<a href=\"https:\/\/www.facebook.com\/\" target=\"blank\"><i class=\"fa fa-facebook-square\" style=\"font-style: none; font-size: 16px;\"> SPA THAI VERSAILLES<\/i><\/a><\/p>\n<\/div>\n<\/div>\n<\/div>\n<\/div>\n<\/div>\n<\/div><\/div><\/div><\/div><div id=\"pg-47-2\"  class=\"panel-grid panel-no-style\" ><div id=\"pgc-47-2-0\"  class=\"panel-grid-cell\" ><div id=\"panel-47-2-0-0\" class=\"so-panel widget widget_sow-editor panel-first-child panel-last-child\" data-index=\"3\" ><div\n\t\t\t\n\t\t\tclass=\"so-widget-sow-editor so-widget-sow-editor-base\"\n\t\t\t\n\t\t>\n<div class=\"siteorigin-widget-tinymce textwidget\">\n\t<h4 style=\"text-align: center;\">LAISSEZ UN MESSAGE<\/h4>\n<hr \/>\n<p>&nbsp;<\/p>\n<p style=\"text-align: center;\">\n<div class=\"wpcf7 no-js\" id=\"wpcf7-f7-o1\" lang=\"fr-FR\" dir=\"ltr\">\n<div class=\"screen-reader-response\"><p role=\"status\" aria-live=\"polite\" aria-atomic=\"true\"><\/p> <ul><\/ul><\/div>\n<form action=\"\/versailles\/wp-json\/wp\/v2\/pages\/47#wpcf7-f7-o1\" method=\"post\" class=\"wpcf7-form init\" aria-label=\"Formulaire de contact\" novalidate=\"novalidate\" data-status=\"init\">\n<div style=\"display: none;\">\n<input type=\"hidden\" name=\"_wpcf7\" value=\"7\" \/>\n<input type=\"hidden\" name=\"_wpcf7_version\" value=\"5.7.3\" \/>\n<input type=\"hidden\" name=\"_wpcf7_locale\" value=\"fr_FR\" \/>\n<input type=\"hidden\" name=\"_wpcf7_unit_tag\" value=\"wpcf7-f7-o1\" \/>\n<input type=\"hidden\" name=\"_wpcf7_container_post\" value=\"0\" \/>\n<input type=\"hidden\" name=\"_wpcf7_posted_data_hash\" value=\"\" \/>\n<\/div>\n<p><label> Nom*<br \/>\n<span class=\"wpcf7-form-control-wrap\" data-name=\"your-name\"><input size=\"40\" class=\"wpcf7-form-control wpcf7-text wpcf7-validates-as-required\" aria-required=\"true\" aria-invalid=\"false\" value=\"\" type=\"text\" name=\"your-name\" \/><\/span> <\/label>\n<\/p>\n<p><label> Email*<br \/>\n<span class=\"wpcf7-form-control-wrap\" data-name=\"your-email\"><input size=\"40\" class=\"wpcf7-form-control wpcf7-text wpcf7-email wpcf7-validates-as-required wpcf7-validates-as-email\" aria-required=\"true\" aria-invalid=\"false\" value=\"\" type=\"email\" name=\"your-email\" \/><\/span> <\/label>\n<\/p>\n<p><label> T\u00e9l\u00e9phone<br \/>\n<span class=\"wpcf7-form-control-wrap\" data-name=\"tel-893\"><input size=\"40\" class=\"wpcf7-form-control wpcf7-text wpcf7-tel wpcf7-validates-as-tel\" aria-invalid=\"false\" value=\"\" type=\"tel\" name=\"tel-893\" \/><\/span> <\/label>\n<\/p>\n<p><label> Message<br \/>\n<span class=\"wpcf7-form-control-wrap\" data-name=\"your-message\"><textarea cols=\"40\" rows=\"10\" class=\"wpcf7-form-control wpcf7-textarea\" aria-invalid=\"false\" name=\"your-message\"><\/textarea><\/span> <\/label>\n<\/p>\n<p><input class=\"wpcf7-form-control has-spinner wpcf7-submit\" type=\"submit\" value=\"Send\" \/>\n<\/p><p style=\"display: none !important;\"><label>&#916;<textarea name=\"_wpcf7_ak_hp_textarea\" cols=\"45\" rows=\"8\" maxlength=\"100\"><\/textarea><\/label><input type=\"hidden\" id=\"ak_js_1\" name=\"_wpcf7_ak_js\" value=\"50\"\/><script>document.getElementById( \"ak_js_1\" ).setAttribute( \"value\", ( new Date() ).getTime() );<\/script><\/p><div class=\"wpcf7-response-output\" aria-hidden=\"true\"><\/div>\n<\/form>\n<\/div>\n<\/div>\n<\/div><\/div><\/div><div id=\"pgc-47-2-1\"  class=\"panel-grid-cell\" ><div id=\"panel-47-2-1-0\" class=\"so-panel widget widget_sow-editor panel-first-child panel-last-child\" data-index=\"4\" ><div\n\t\t\t\n\t\t\tclass=\"so-widget-sow-editor so-widget-sow-editor-base\"\n\t\t\t\n\t\t>\n<div class=\"siteorigin-widget-tinymce textwidget\">\n\t<h4 style=\"text-align: center;\">PLAN D'ACCES<\/h4>\n<hr \/>\n<p>&nbsp;<br \/>\n<iframe loading=\"lazy\" src=\"https:\/\/www.google.com\/maps\/embed?pb=!1m18!1m12!1m3!1d2626.268264856605!2d2.287663115673507!3d48.834021479285106!2m3!1f0!2f0!3f0!3m2!1i1024!2i768!4f13.1!3m3!1m2!1s0x47e6706c51e76c3f%3A0x2cc52438bb1d96c!2s254+Rue+de+la+Croix+Nivert%2C+75015+Paris!5e0!3m2!1sfr!2sfr!4v1561561421705!5m2!1sfr!2sfr\" width=\"600\" height=\"450\" frameborder=\"0\" style=\"border:0\" allowfullscreen><\/iframe><\/p>\n<\/div>\n<\/div><\/div><\/div><div id=\"pgc-47-2-2\"  class=\"panel-grid-cell\" ><div id=\"panel-47-2-2-0\" class=\"so-panel widget widget_sow-editor panel-first-child panel-last-child\" data-index=\"5\" ><div\n\t\t\t\n\t\t\tclass=\"so-widget-sow-editor so-widget-sow-editor-base\"\n\t\t\t\n\t\t>\n<div class=\"siteorigin-widget-tinymce textwidget\">\n\t<h4 style=\"text-align: center;\">ACCES<\/h4>\n<hr \/>\n<p>&nbsp;<\/p>\n<div style=\"container\">\n<div class=\"row\">\n<div class=\"col-xs-2 col-sm-2 col-md-2 col-lg-2\"><img decoding=\"async\" src=\"https:\/\/spathailuxe.com\/versailles\/wp-content\/uploads\/2019\/07\/metro-12.png\"\/><\/div>\n<div class=\"col-xs-10 col-sm-10 col-md-10 col-lg-10\" style=\"color:#FFFFFF; text-align:left;\">Metro Porte de Versailles<\/div><\/div>\n<div class=\"row\">\n<div class=\"col-xs-2 col-sm-2 col-md-2 col-lg-2\"><\/div>\n<div class=\"col-xs-10 col-sm-10 col-md-10 col-lg-10\" style=\"color:#FFFFFF; text-align:left;\"><\/div><\/div>\n<div class=\"row\">\n<div class=\"col-xs-2 col-sm-2 col-md-2 col-lg-2\"><img decoding=\"async\" src=\"https:\/\/spathailuxe.com\/doree\/wp-content\/uploads\/2019\/03\/tramT3a.png\"\/><\/div>\n<div class=\"col-xs-8 col-sm-8 col-md-8 col-lg-8\" style=\"color:#FFFFFF; text-align:left;\">Tramway T3a Pte de Versailles-Parc Expo<\/div><\/div>\n<div class=\"row\">\n<div class=\"col-xs-2 col-sm-2 col-md-2 col-lg-2\"><\/div>\n<div class=\"col-xs-10 col-sm-10 col-md-10 col-lg-10\" style=\"color:#FFFFFF; text-align:left;\"><\/div><\/div>\n<div class=\"row\">\n<div class=\"col-xs-2 col-sm-2 col-md-2 col-lg-2\"><img decoding=\"async\" src=\"https:\/\/spathailuxe.com\/doree\/wp-content\/uploads\/2019\/03\/parking.png\"\/><\/div>\n<div class=\"col-xs-10 col-sm-10 col-md-10 col-lg-10\" style=\"color:#FFFFFF; text-align:left;\">39 Boulevard Victor Hugo, 75015 Paris<\/div><\/div>\n<div class=\"row\">\n<div class=\"col-xs-2 col-sm-2 col-md-2 col-lg-2\"><\/div>\n<div class=\"col-xs-10 col-sm-10 col-md-10 col-lg-10\" style=\"color:#FFFFFF; text-align:left;\"><\/div><\/div>\n<div class=\"row\">\n<div class=\"col-xs-2 col-sm-2 col-md-2 col-lg-2\"><img decoding=\"async\" src=\"https:\/\/spathailuxe.com\/doree\/wp-content\/uploads\/2019\/03\/velib.png\"\/><\/div>\n<div class=\"col-xs-10 col-sm-10 col-md-10 col-lg-10\" style=\"color:#FFFFFF; text-align:left;\">20 rue Dominique Pado, 75015 Paris<\/div><\/div>\n<\/div>\n<\/div>\n<\/div><\/div><\/div><\/div><\/div>","protected":false},"excerpt":{"rendered":"<p>Acc\u00e8s &amp; Contact HORAIRES D&rsquo;OUVERTURE &nbsp; L\u2019institut SPA THAI Pte de VERSAILLES est ouvert : du lundi au vendredi de 11h \u00e0 20h le week-end de 11h \u00e0 21h &nbsp; COORDONN\u00c9ES &nbsp; 09 83 68 95 65 pte.versailles@spathailuxe.com 254 rue Croix Nivert 75015 PARIS SPA THAI VERSAILLES<\/p>\n","protected":false},"author":1,"featured_media":0,"parent":0,"menu_order":0,"comment_status":"closed","ping_status":"closed","template":"","meta":{"_mi_skip_tracking":false,"footnotes":""},"class_list":["post-47","page","type-page","status-publish","hentry"],"_links":{"self":[{"href":"https:\/\/spathailuxe.com\/versailles\/wp-json\/wp\/v2\/pages\/47","targetHints":{"allow":["GET"]}}],"collection":[{"href":"https:\/\/spathailuxe.com\/versailles\/wp-json\/wp\/v2\/pages"}],"about":[{"href":"https:\/\/spathailuxe.com\/versailles\/wp-json\/wp\/v2\/types\/page"}],"author":[{"embeddable":true,"href":"https:\/\/spathailuxe.com\/versailles\/wp-json\/wp\/v2\/users\/1"}],"replies":[{"embeddable":true,"href":"https:\/\/spathailuxe.com\/versailles\/wp-json\/wp\/v2\/comments?post=47"}],"version-history":[{"count":7,"href":"https:\/\/spathailuxe.com\/versailles\/wp-json\/wp\/v2\/pages\/47\/revisions"}],"predecessor-version":[{"id":480,"href":"https:\/\/spathailuxe.com\/versailles\/wp-json\/wp\/v2\/pages\/47\/revisions\/480"}],"wp:attachment":[{"href":"https:\/\/spathailuxe.com\/versailles\/wp-json\/wp\/v2\/media?parent=47"}],"curies":[{"name":"wp","href":"https:\/\/api.w.org\/{rel}","templated":true}]}}