{"id":458,"date":"2019-02-27T00:03:31","date_gmt":"2019-02-26T23:03:31","guid":{"rendered":"https:\/\/spathailuxe.com\/marais\/?post_type=product&#038;p=458"},"modified":"2023-11-03T14:58:51","modified_gmt":"2023-11-03T13:58:51","slug":"abonnement-6h","status":"publish","type":"product","link":"https:\/\/spathailuxe.com\/marais\/product\/abonnement-6h\/","title":{"rendered":"Abonnement 6H"},"content":{"rendered":"<p>Valable 1 an \u00e0 date d&#8217;achat.<br \/>\nNon nominatif<\/p>\n","protected":false},"excerpt":{"rendered":"<p>Valable 1 an \u00e0 date d&#8217;achat.<br \/>\nNon nominatif.<br \/>\nPossibilit\u00e9 de faire des heures cadeaux \u00e0 votre entourage.<br \/>\nSpa Tha\u00ef Marais ne prend en aucun la responsabilit\u00e9 de la date butoir de l&#8217;abonnement.<br \/>\nSpa Tha\u00ef Marais se r\u00e9serve cependant la possibilit\u00e9 de proposer<br \/>\naux abonn\u00e9s une prolongation de leur abonnement sous certaines conditions, voir en boutique.<br \/>\nSI VOUS NE VOUS PRESENTEZ PAS LORS DU RDV CELA EST CONSIDERE COMME UN NO SHOW<\/p>\n","protected":false},"featured_media":0,"template":"","meta":{"_exactmetrics_skip_tracking":false,"_exactmetrics_sitenote_active":false,"_exactmetrics_sitenote_note":"","_exactmetrics_sitenote_category":0},"product_cat":[15],"product_tag":[],"_links":{"self":[{"href":"https:\/\/spathailuxe.com\/marais\/wp-json\/wp\/v2\/product\/458"}],"collection":[{"href":"https:\/\/spathailuxe.com\/marais\/wp-json\/wp\/v2\/product"}],"about":[{"href":"https:\/\/spathailuxe.com\/marais\/wp-json\/wp\/v2\/types\/product"}],"wp:attachment":[{"href":"https:\/\/spathailuxe.com\/marais\/wp-json\/wp\/v2\/media?parent=458"}],"wp:term":[{"taxonomy":"product_cat","embeddable":true,"href":"https:\/\/spathailuxe.com\/marais\/wp-json\/wp\/v2\/product_cat?post=458"},{"taxonomy":"product_tag","embeddable":true,"href":"https:\/\/spathailuxe.com\/marais\/wp-json\/wp\/v2\/product_tag?post=458"}],"curies":[{"name":"wp","href":"https:\/\/api.w.org\/{rel}","templated":true}]}}