{"id":263,"date":"2019-02-20T18:43:47","date_gmt":"2019-02-20T17:43:47","guid":{"rendered":"https:\/\/spathailuxe.com\/marais\/?post_type=product&#038;p=263"},"modified":"2023-11-03T15:41:32","modified_gmt":"2023-11-03T14:41:32","slug":"massage-aux-huiles-aromatiques-zen-solo-2h00","status":"publish","type":"product","link":"https:\/\/spathailuxe.com\/marais\/product\/massage-aux-huiles-aromatiques-zen-solo-2h00\/","title":{"rendered":"Massage aux Huiles Aromatiques Zen &#8211; SOLO 2H00"},"content":{"rendered":"<p>D\u00e9couvrez la d\u00e9licatesse d\u2019un massage tha\u00eflandais aux huiles essentielles aux propri\u00e9t\u00e9s relaxantes, dans l\u2019ambiance feutr\u00e9e de Spa Tha\u00ef Luxe.<\/p>\n<p>Des mains expertes parcourent votre corps avec des mouvements fluides et des pressions profondes, facilit\u00e9s par l\u2019utilisation des huiles essentielles. Vos tensions s\u2019envolent et cet instant de douceur orchestr\u00e9 avec savoir-faire vous permet une \u00e9chapp\u00e9e vers l\u2019art du bien-\u00eatre \u00e0 la tha\u00eflandaise.<\/p>\n","protected":false},"excerpt":{"rendered":"<p><span style=\"color: #ff9900;\"><strong>OFFRE SPECIALE<\/strong><\/span><\/p>\n<p><strong><span style=\"color: #ff9900;\">189\u20ac<\/span> <em>AU LIEU DE 229\u20ac<\/em><\/strong><\/p>\n","protected":false},"featured_media":440,"template":"","meta":{"_exactmetrics_skip_tracking":false,"_exactmetrics_sitenote_active":false,"_exactmetrics_sitenote_note":"","_exactmetrics_sitenote_category":0},"product_cat":[15],"product_tag":[],"_links":{"self":[{"href":"https:\/\/spathailuxe.com\/marais\/wp-json\/wp\/v2\/product\/263"}],"collection":[{"href":"https:\/\/spathailuxe.com\/marais\/wp-json\/wp\/v2\/product"}],"about":[{"href":"https:\/\/spathailuxe.com\/marais\/wp-json\/wp\/v2\/types\/product"}],"wp:featuredmedia":[{"embeddable":true,"href":"https:\/\/spathailuxe.com\/marais\/wp-json\/wp\/v2\/media\/440"}],"wp:attachment":[{"href":"https:\/\/spathailuxe.com\/marais\/wp-json\/wp\/v2\/media?parent=263"}],"wp:term":[{"taxonomy":"product_cat","embeddable":true,"href":"https:\/\/spathailuxe.com\/marais\/wp-json\/wp\/v2\/product_cat?post=263"},{"taxonomy":"product_tag","embeddable":true,"href":"https:\/\/spathailuxe.com\/marais\/wp-json\/wp\/v2\/product_tag?post=263"}],"curies":[{"name":"wp","href":"https:\/\/api.w.org\/{rel}","templated":true}]}}