{"id":242,"date":"2019-02-20T18:43:37","date_gmt":"2019-02-20T17:43:37","guid":{"rendered":"https:\/\/spathailuxe.com\/marais\/?post_type=product&#038;p=242"},"modified":"2023-11-03T15:52:54","modified_gmt":"2023-11-03T14:52:54","slug":"massage-a-4-mains-solo-1h00","status":"publish","type":"product","link":"https:\/\/spathailuxe.com\/marais\/product\/massage-a-4-mains-solo-1h00\/","title":{"rendered":"Massage \u00e0 4 mains &#8211; SOLO 1H00"},"content":{"rendered":"<p>Le massage \u00e0 quatre mains est une chor\u00e9graphie de man\u0153uvres fluides, douces et pr\u00e9cises, r\u00e9alis\u00e9es en rythme et de fa\u00e7on cordonn\u00e9e pour vous offrir un moment de relaxation \u00e0 l\u2019\u00e9tat pur.<\/p>\n","protected":false},"excerpt":{"rendered":"<p><span style=\"color: #ff9900;\"><strong>OFFRE SPECIALE<\/strong><\/span><\/p>\n<p><strong><span style=\"color: #ff9900;\">189\u20ac<\/span> <em>AU LIEU DE 279\u20ac<\/em><\/strong><\/p>\n","protected":false},"featured_media":440,"template":"","meta":{"_exactmetrics_skip_tracking":false,"_exactmetrics_sitenote_active":false,"_exactmetrics_sitenote_note":"","_exactmetrics_sitenote_category":0},"product_cat":[15],"product_tag":[],"_links":{"self":[{"href":"https:\/\/spathailuxe.com\/marais\/wp-json\/wp\/v2\/product\/242"}],"collection":[{"href":"https:\/\/spathailuxe.com\/marais\/wp-json\/wp\/v2\/product"}],"about":[{"href":"https:\/\/spathailuxe.com\/marais\/wp-json\/wp\/v2\/types\/product"}],"wp:featuredmedia":[{"embeddable":true,"href":"https:\/\/spathailuxe.com\/marais\/wp-json\/wp\/v2\/media\/440"}],"wp:attachment":[{"href":"https:\/\/spathailuxe.com\/marais\/wp-json\/wp\/v2\/media?parent=242"}],"wp:term":[{"taxonomy":"product_cat","embeddable":true,"href":"https:\/\/spathailuxe.com\/marais\/wp-json\/wp\/v2\/product_cat?post=242"},{"taxonomy":"product_tag","embeddable":true,"href":"https:\/\/spathailuxe.com\/marais\/wp-json\/wp\/v2\/product_tag?post=242"}],"curies":[{"name":"wp","href":"https:\/\/api.w.org\/{rel}","templated":true}]}}