{"id":235,"date":"2019-02-20T18:43:35","date_gmt":"2019-02-20T17:43:35","guid":{"rendered":"https:\/\/spathailuxe.com\/marais\/?post_type=product&#038;p=235"},"modified":"2023-11-03T15:55:34","modified_gmt":"2023-11-03T14:55:34","slug":"massage-aux-pierres-chaudes-solo-1h30","status":"publish","type":"product","link":"https:\/\/spathailuxe.com\/marais\/product\/massage-aux-pierres-chaudes-solo-1h30\/","title":{"rendered":"Massage aux Pierres Chaudes &#8211; SOLO 1H30"},"content":{"rendered":"<p>Ce modelage traditionnel est r\u00e9alis\u00e9 \u00e0 l\u2019aide de pierres de basalte r\u00e9chauff\u00e9es dans un bain d\u2019eau chaude. Id\u00e9al pour lib\u00e9rer vos tensions. Dans un deuxi\u00e8me temps vous profitez d\u2019un modelage aux huiles pour une relaxation profonde.<\/p>\n","protected":false},"excerpt":{"rendered":"<p><span style=\"color: #ff9900;\"><strong>OFFRE SPECIALE<\/strong><\/span><\/p>\n<p><strong><span style=\"color: #ff9900;\">179\u20ac<\/span> <em>AU LIEU DE 219\u20ac<\/em><\/strong><\/p>\n","protected":false},"featured_media":440,"template":"","meta":{"_exactmetrics_skip_tracking":false,"_exactmetrics_sitenote_active":false,"_exactmetrics_sitenote_note":"","_exactmetrics_sitenote_category":0},"product_cat":[15],"product_tag":[],"_links":{"self":[{"href":"https:\/\/spathailuxe.com\/marais\/wp-json\/wp\/v2\/product\/235"}],"collection":[{"href":"https:\/\/spathailuxe.com\/marais\/wp-json\/wp\/v2\/product"}],"about":[{"href":"https:\/\/spathailuxe.com\/marais\/wp-json\/wp\/v2\/types\/product"}],"wp:featuredmedia":[{"embeddable":true,"href":"https:\/\/spathailuxe.com\/marais\/wp-json\/wp\/v2\/media\/440"}],"wp:attachment":[{"href":"https:\/\/spathailuxe.com\/marais\/wp-json\/wp\/v2\/media?parent=235"}],"wp:term":[{"taxonomy":"product_cat","embeddable":true,"href":"https:\/\/spathailuxe.com\/marais\/wp-json\/wp\/v2\/product_cat?post=235"},{"taxonomy":"product_tag","embeddable":true,"href":"https:\/\/spathailuxe.com\/marais\/wp-json\/wp\/v2\/product_tag?post=235"}],"curies":[{"name":"wp","href":"https:\/\/api.w.org\/{rel}","templated":true}]}}