{"id":511,"date":"2019-03-08T13:59:25","date_gmt":"2019-03-08T12:59:25","guid":{"rendered":"https:\/\/spathailuxe.com\/marais\/?page_id=511"},"modified":"2019-03-08T14:00:10","modified_gmt":"2019-03-08T13:00:10","slug":"mentions-legales","status":"publish","type":"page","link":"https:\/\/spathailuxe.com\/marais\/mentions-legales\/","title":{"rendered":"Mentions l\u00e9gales"},"content":{"rendered":"<div id=\"pl-511\"  class=\"panel-layout\" ><div id=\"pg-511-0\"  class=\"panel-grid panel-no-style\" ><div id=\"pgc-511-0-0\"  class=\"panel-grid-cell\" ><div id=\"panel-511-0-0-0\" class=\"so-panel widget widget_sow-editor panel-first-child panel-last-child\" data-index=\"0\" ><div\n\t\t\t\n\t\t\tclass=\"so-widget-sow-editor so-widget-sow-editor-base\"\n\t\t\t\n\t\t>\n<div class=\"siteorigin-widget-tinymce textwidget\">\n\t<h1 style=\"text-align: center;\">Mentions l\u00e9gales<\/h1>\n<hr \/>\n<\/div>\n<\/div><\/div><\/div><\/div><div id=\"pg-511-1\"  class=\"panel-grid panel-no-style\" ><div id=\"pgc-511-1-0\"  class=\"panel-grid-cell\" ><div id=\"panel-511-1-0-0\" class=\"so-panel widget widget_sow-editor panel-first-child panel-last-child\" data-index=\"1\" ><div\n\t\t\t\n\t\t\tclass=\"so-widget-sow-editor so-widget-sow-editor-base\"\n\t\t\t\n\t\t>\n<div class=\"siteorigin-widget-tinymce textwidget\">\n\t<div class=\"_d97\"><strong><span class=\"_5yl5\">\u2022 Le site internet www.spathailuxe.com appartient \u00e0 :<\/span><\/strong><\/div>\n<div class=\"_d97\"><\/div>\n<div class=\"_d97\"><span class=\"_5yl5\">D\u00e9nomination : SPA THAI LUXE <\/span><\/div>\n<div class=\"_d97\"><span class=\"_5yl5\">Si\u00e8ge : 1<\/span><span style=\"font-size: 0.9rem;\">6\/18 rue de pl\u00e2tre <\/span><span style=\"font-size: 0.9rem;\">75004 PARIS<\/span><\/div>\n<div class=\"_d97\">N\u00b0 Siret : 84172560900017<\/div>\n<div>Code APE : Soins de beaut\u00e9 (9602B)<\/div>\n<\/div>\n<\/div><\/div><\/div><\/div><div id=\"pg-511-2\"  class=\"panel-grid panel-no-style\" ><div id=\"pgc-511-2-0\"  class=\"panel-grid-cell\" ><div id=\"panel-511-2-0-0\" class=\"so-panel widget widget_sow-editor panel-first-child panel-last-child\" data-index=\"2\" ><div\n\t\t\t\n\t\t\tclass=\"so-widget-sow-editor so-widget-sow-editor-base\"\n\t\t\t\n\t\t>\n<div class=\"siteorigin-widget-tinymce textwidget\">\n\t<div class=\"_d97\"><strong><span class=\"_5yl5\">\u2022 Le site www.spathailuxe.com est h\u00e9berg\u00e9 par :<\/span><\/strong><\/div>\n<div class=\"_d97\"><\/div>\n<div class=\"_d97\">OVH<\/div>\n<div class=\"_d97\">SAS au capital de 10 059 500 \u20ac<\/div>\n<div class=\"_d97\">RCS Lille M\u00e9tropole 424 761 419 00045<\/div>\n<div class=\"_d97\">Code APE 6202A<\/div>\n<div class=\"_d97\">N\u00b0 TVA : FR 22 424 761 419<\/div>\n<div class=\"_d97\">Si\u00e8ge social : 2 rue Kellermann \u2013 59100 Roubaix \u2013 France.<\/div>\n<div class=\"_d97\">Directeur de la publication : Octave KLABA<\/div>\n<\/div>\n<\/div><\/div><\/div><\/div><\/div>","protected":false},"excerpt":{"rendered":"<p>Mentions l\u00e9gales \u2022 Le site internet www.spathailuxe.com appartient \u00e0 : D\u00e9nomination : SPA THAI LUXE Si\u00e8ge : 16\/18 rue de pl\u00e2tre 75004 PARIS N\u00b0 Siret : 84172560900017 Code APE : Soins de beaut\u00e9 (9602B)<\/p>\n","protected":false},"author":1,"featured_media":0,"parent":0,"menu_order":0,"comment_status":"closed","ping_status":"closed","template":"","meta":{"_exactmetrics_skip_tracking":false,"_exactmetrics_sitenote_active":false,"_exactmetrics_sitenote_note":"","_exactmetrics_sitenote_category":0,"footnotes":""},"yst_prominent_words":[],"_links":{"self":[{"href":"https:\/\/spathailuxe.com\/marais\/wp-json\/wp\/v2\/pages\/511"}],"collection":[{"href":"https:\/\/spathailuxe.com\/marais\/wp-json\/wp\/v2\/pages"}],"about":[{"href":"https:\/\/spathailuxe.com\/marais\/wp-json\/wp\/v2\/types\/page"}],"author":[{"embeddable":true,"href":"https:\/\/spathailuxe.com\/marais\/wp-json\/wp\/v2\/users\/1"}],"replies":[{"embeddable":true,"href":"https:\/\/spathailuxe.com\/marais\/wp-json\/wp\/v2\/comments?post=511"}],"version-history":[{"count":2,"href":"https:\/\/spathailuxe.com\/marais\/wp-json\/wp\/v2\/pages\/511\/revisions"}],"predecessor-version":[{"id":513,"href":"https:\/\/spathailuxe.com\/marais\/wp-json\/wp\/v2\/pages\/511\/revisions\/513"}],"wp:attachment":[{"href":"https:\/\/spathailuxe.com\/marais\/wp-json\/wp\/v2\/media?parent=511"}],"wp:term":[{"taxonomy":"yst_prominent_words","embeddable":true,"href":"https:\/\/spathailuxe.com\/marais\/wp-json\/wp\/v2\/yst_prominent_words?post=511"}],"curies":[{"name":"wp","href":"https:\/\/api.w.org\/{rel}","templated":true}]}}