{"id":115,"date":"2019-02-07T10:13:05","date_gmt":"2019-02-07T09:13:05","guid":{"rendered":"https:\/\/spathailuxe.com\/marais\/?page_id=115"},"modified":"2020-10-29T12:53:29","modified_gmt":"2020-10-29T11:53:29","slug":"conditions-generales-de-ventes","status":"publish","type":"page","link":"https:\/\/spathailuxe.com\/marais\/conditions-generales-de-ventes\/","title":{"rendered":"Conditions g\u00e9n\u00e9rales de ventes"},"content":{"rendered":"<div id=\"pl-115\"  class=\"panel-layout\" ><div id=\"pg-115-0\"  class=\"panel-grid panel-no-style\" ><div id=\"pgc-115-0-0\"  class=\"panel-grid-cell\" ><div id=\"panel-115-0-0-0\" class=\"so-panel widget widget_sow-editor panel-first-child panel-last-child\" data-index=\"0\" ><div\n\t\t\t\n\t\t\tclass=\"so-widget-sow-editor so-widget-sow-editor-base\"\n\t\t\t\n\t\t>\n<div class=\"siteorigin-widget-tinymce textwidget\">\n\t<h1>Conditions G\u00e9n\u00e9rales de Vente<\/h1>\n<div class=\"woocommerce-terms-and-conditions\">\n<h2>Objet<\/h2>\n<p>Les pr\u00e9sentes Conditions G\u00e9n\u00e9rales de Vente (les \u00ab\u00a0CGV\u00a0\u00bb) r\u00e9gissent toute vente de produits conclue entre :<\/p>\n<p>SPA THAI LUXE et d\u2019autre part, tout consommateur (le \u00ab Client \u00bb) dans le cadre, soit d\u2019une vente directe en magasin, soit d\u2019une vente \u00e0 distance par voie \u00e9lectronique \u00e0 l\u2019adresse du site Internet.<\/p>\n<p>Le Client reconna\u00eet avoir pris connaissance de ces Conditions G\u00e9n\u00e9rales de Vente pr\u00e9alablement \u00e0 sa commande.<\/p>\n<p>Aux fins des pr\u00e9sentes Conditions G\u00e9n\u00e9rales de Vente, SPA THAI LUXE et le Client sont individuellement ou collectivement d\u00e9sign\u00e9s la Partie ou les Parties.<\/p>\n<p>Le Client pr\u00e9alablement \u00e0 sa commande, d\u00e9clare que :<br \/>\n\u2013 l\u2019achat de produits ou services chez SPA THAI LUXE est sans rapport direct avec une activit\u00e9 professionnelle et est limit\u00e9 \u00e0 une utilisation strictement personnelle ;<br \/>\n\u2013 avoir la pleine capacit\u00e9 juridique, lui permettant de s\u2019engager au titre des pr\u00e9sentes Conditions G\u00e9n\u00e9rales de Vente.<\/p>\n<p>SPA THAI LUXE vend les produits et services pr\u00e9sents sur son site Internet uniquement au d\u00e9tail et \u00e0 des consommateurs finaux. Toute commande ne correspondant pas manifestement \u00e0 une vente au d\u00e9tail et, plus g\u00e9n\u00e9ralement, toute commande frauduleuse ou pr\u00e9sum\u00e9e comme telle, sera consid\u00e9r\u00e9e par SPA THAI LUXE comme nulle et non avenue.<\/p>\n<p>SPA THAI LUXE se r\u00e9serve la possibilit\u00e9 de modifier \u00e0 tout moment les pr\u00e9sentes Conditions G\u00e9n\u00e9rales de Vente. N\u00e9anmoins, les Conditions G\u00e9n\u00e9rales de Vente applicables \u00e0 la commande pass\u00e9e par le Client sur le site de SPA THAI LUXE sont celles accept\u00e9es par le Client au moment de la passation de cette commande.<\/p>\n<h2>Formation du contrat<\/h2>\n<p>Le Client a la possibilit\u00e9 de passer commande des produits ou services \u00e0 SPA THAI LUXE soit en magasin aupr\u00e8s d\u2019un pr\u00e9pos\u00e9 de SPA THAI LUXE, soit via le site internet de SPA THAI LUXE, conform\u00e9ment aux sp\u00e9cifications figurant sur le site.<\/p>\n<p>Toute commande pass\u00e9e par le Client implique son adh\u00e9sion aux pr\u00e9sentes CGV et l\u2019acceptation des prix et description des produits disponibles \u00e0 la vente.<\/p>\n<p>SPA THAI LUXE s\u2019engage \u00e0 honorer les commandes d\u00e8s r\u00e9ception de leur r\u00e8glement, dans la limite des stocks disponibles. A d\u00e9faut de disponibilit\u00e9 du produit, SPA THAI LUXE s\u2019engage \u00e0 en informer le Client.<\/p>\n<h2>Les Prix<\/h2>\n<p>Le prix de chaque produit ou service est indiqu\u00e9 en euros toutes taxes comprises, hors frais de livraison et de fa\u00e7onnage particulier, lesquels sont \u00e0 la charge du Client.<\/p>\n<p>SPA THAI LUXE se r\u00e9serve le droit de modifier ses prix de vente \u00e0 tout moment, avant la prise de commande. Ainsi, les produits sont factur\u00e9s sur la base des tarifs en vigueur au moment de l\u2019enregistrement de la commande.<\/p>\n<p>Le Client est averti que les promotions, remises et autres op\u00e9rations affectant les prix peuvent diff\u00e9rer entre un magasin physique et le site Internet et ne peuvent donner lieu \u00e0 compensation ou unification tarifaires, ni \u00e0 aucune r\u00e9clamation de quelque sorte que ce soit.<\/p>\n<h2>Paiement<\/h2>\n<p>Le paiement des produits s\u2019effectue au comptant au choix du Client :<\/p>\n<p>\u2013 par carte bancaire<\/p>\n<p>La r\u00e9ception du paiement entra\u00eene la validation de la commande enregistr\u00e9e pour son traitement et son exp\u00e9dition dans les d\u00e9lais indiqu\u00e9s lors de la vent<a name=\"Livraison-et-mise-a-disposition\"><\/a>e<\/p>\n<h2>Validit\u00e9 des ch\u00e8ques cadeau<\/h2>\n<p>Tout achat de soin sur le site Internet donne lieu \u00e0 l\u2019\u00e9mission d\u2019un ch\u00e8que cadeau portant valeur et description du soin achet\u00e9.<\/p>\n<p>Tous les ch\u00e8ques cadeau sont automatiquement envoy\u00e9s par e-mail, ainsi que la facture d\u2019achat, lors de la finalisation de la commande. Le b\u00e9n\u00e9ficiaire dispose donc syst\u00e9matiquement d\u2019une \u00e9dition de son ch\u00e8que cadeau qu\u2019il pourra imm\u00e9diatement utiliser.<\/p>\n<p>Les ch\u00e8ques cadeau \u00e9mis par SPA THAI LUXE ne peuvent \u00eatre consomm\u00e9s que dans les seuls instituts\u00a0 SPA THAI LUXE.<\/p>\n<p>Un ch\u00e8que cadeau est consid\u00e9r\u00e9 comme valable d\u00e8s lors qu\u2019il est utilis\u00e9 durant sa p\u00e9riode de validit\u00e9 sous sa forme pr\u00e9-imprim\u00e9e par SPA THAI LUXE ou imprim\u00e9e par tout proc\u00e9d\u00e9 au choix du porteur du ch\u00e8que cadeau. SPA THAI LUXE se r\u00e9serve le droit de refuser tout ch\u00e8que cadeau pr\u00e9sentant les caract\u00e9ristiques d\u2019une modification frauduleuse de son contenu : num\u00e9ro d\u2019ordre, date de validit\u00e9, description du soin ou mention manuscrite. La fraude sera constitu\u00e9e au regard de l\u2019enregistrement \u00e9lectronique dudit ch\u00e8que cadeau dans le syst\u00e8me informatique de SPA THAI LUXE.<\/p>\n<p>Le porteur du ch\u00e8que cadeau dispose du droit de le consommer en le pr\u00e9sentant pour r\u00e8glement de la prestation de soin en institut.<\/p>\n<h2>Informations nominatives<\/h2>\n<p>Les informations nominatives relatives aux clients de SPA THAI LUXE sont indispensables au traitement des commandes, \u00e0 l\u2019\u00e9tablissement des factures et \u00e0 l\u2019acheminement des produits. Le d\u00e9faut de renseignement entra\u00eene la non validation de la commande.<\/p>\n<p>Conform\u00e9ment \u00e0 la loi \u00ab Informatique et Libert\u00e9s \u00bb dat\u00e9e du 6 janvier 1978, le traitement de ces informations nominatives a fait l\u2019objet d\u2019une d\u00e9claration aupr\u00e8s de la Commission Nationale de l\u2019Informatique et des Libert\u00e9s (CNIL) sous le num\u00e9ro 1333543. Selon l\u2019article 34 de la loi du 6 janvier 1978, le client dispose d\u2019un droit d\u2019acc\u00e8s, de modification, de rectification et de suppression des donn\u00e9es qui le concernent. Le client peut exercer ce droit \u00e0 l\u2019adresse du si\u00e8ge de la soci\u00e9t\u00e9 SPA THAI LUXE mentionn\u00e9e \u00e0 l\u2019article 1 \u00ab Objet \u00bb des pr\u00e9sentes.<\/p>\n<h2>Loi applicable et juridiction comp\u00e9tente<\/h2>\n<p>Les pr\u00e9sentes CGV sont soumises \u00e0 la loi fran\u00e7aise.<\/p>\n<p>Tout litige relatif \u00e0 l\u2019existence, l\u2019interpr\u00e9tation, l\u2019ex\u00e9cution ou la rupture du contrat conclu entre le Client et SPA THAI LUXE, m\u00eame en cas de pluralit\u00e9 de d\u00e9fendeurs, sera, \u00e0 d\u00e9faut d\u2019accord amiable, de la comp\u00e9tence exclusive du tribunal du lieu de domicile du d\u00e9fendeur ou, au choix du d\u00e9fendeur, du lieu de mise \u00e0 disposition ou de livraison effective du produit.<\/p>\n<\/div>\n<\/div>\n<\/div><\/div><\/div><\/div><\/div>","protected":false},"excerpt":{"rendered":"<p>Conditions G\u00e9n\u00e9rales de Vente Objet Les pr\u00e9sentes Conditions G\u00e9n\u00e9rales de Vente (les \u00ab\u00a0CGV\u00a0\u00bb) r\u00e9gissent toute vente de produits conclue entre : SPA THAI LUXE et d\u2019autre part, tout consommateur (le \u00ab Client \u00bb) dans le cadre, soit d\u2019une vente directe en magasin, soit d\u2019une vente \u00e0 distance par voie \u00e9lectronique \u00e0 l\u2019adresse du site Internet. [&hellip;]<\/p>\n","protected":false},"author":1,"featured_media":0,"parent":0,"menu_order":0,"comment_status":"closed","ping_status":"closed","template":"","meta":{"_exactmetrics_skip_tracking":false,"_exactmetrics_sitenote_active":false,"_exactmetrics_sitenote_note":"","_exactmetrics_sitenote_category":0,"footnotes":""},"yst_prominent_words":[],"_links":{"self":[{"href":"https:\/\/spathailuxe.com\/marais\/wp-json\/wp\/v2\/pages\/115"}],"collection":[{"href":"https:\/\/spathailuxe.com\/marais\/wp-json\/wp\/v2\/pages"}],"about":[{"href":"https:\/\/spathailuxe.com\/marais\/wp-json\/wp\/v2\/types\/page"}],"author":[{"embeddable":true,"href":"https:\/\/spathailuxe.com\/marais\/wp-json\/wp\/v2\/users\/1"}],"replies":[{"embeddable":true,"href":"https:\/\/spathailuxe.com\/marais\/wp-json\/wp\/v2\/comments?post=115"}],"version-history":[{"count":7,"href":"https:\/\/spathailuxe.com\/marais\/wp-json\/wp\/v2\/pages\/115\/revisions"}],"predecessor-version":[{"id":2556,"href":"https:\/\/spathailuxe.com\/marais\/wp-json\/wp\/v2\/pages\/115\/revisions\/2556"}],"wp:attachment":[{"href":"https:\/\/spathailuxe.com\/marais\/wp-json\/wp\/v2\/media?parent=115"}],"wp:term":[{"taxonomy":"yst_prominent_words","embeddable":true,"href":"https:\/\/spathailuxe.com\/marais\/wp-json\/wp\/v2\/yst_prominent_words?post=115"}],"curies":[{"name":"wp","href":"https:\/\/api.w.org\/{rel}","templated":true}]}}