{"id":726,"date":"2019-02-27T00:00:36","date_gmt":"2019-02-26T23:00:36","guid":{"rendered":"https:\/\/spathailuxe.com\/doree\/?post_type=product&#038;p=726"},"modified":"2022-12-29T16:18:55","modified_gmt":"2022-12-29T15:18:55","slug":"abonnement-12h","status":"publish","type":"product","link":"https:\/\/spathailuxe.com\/doree\/product\/abonnement-12h\/","title":{"rendered":"Abonnement 12H"},"content":{"rendered":"<p>Attention! Valable 1 an \u00e0 date d&#8217;achat<\/p>\n","protected":false},"excerpt":{"rendered":"<p>Valable 1 an \u00e0 date d&#8217;achat.<br \/>\nNon nominatif.<br \/>\nPossibilit\u00e9 de faire des heures cadeaux \u00e0 votre entourage.<br \/>\nSpa Tha\u00ef Dor\u00e9e ne prend en aucun la responsabilit\u00e9 de la date butoir de l&#8217;abonnement.<br \/>\nSpa Tha\u00ef Dor\u00e9e se r\u00e9serve cependant la possibilit\u00e9 de proposer<br \/>\naux abonn\u00e9s une prolongation de leur abonnement sous certaines conditions, voir en boutique.<\/p>\n","protected":false},"featured_media":0,"template":"","meta":[],"product_cat":[15],"product_tag":[],"_links":{"self":[{"href":"https:\/\/spathailuxe.com\/doree\/wp-json\/wp\/v2\/product\/726"}],"collection":[{"href":"https:\/\/spathailuxe.com\/doree\/wp-json\/wp\/v2\/product"}],"about":[{"href":"https:\/\/spathailuxe.com\/doree\/wp-json\/wp\/v2\/types\/product"}],"wp:attachment":[{"href":"https:\/\/spathailuxe.com\/doree\/wp-json\/wp\/v2\/media?parent=726"}],"wp:term":[{"taxonomy":"product_cat","embeddable":true,"href":"https:\/\/spathailuxe.com\/doree\/wp-json\/wp\/v2\/product_cat?post=726"},{"taxonomy":"product_tag","embeddable":true,"href":"https:\/\/spathailuxe.com\/doree\/wp-json\/wp\/v2\/product_tag?post=726"}],"curies":[{"name":"wp","href":"https:\/\/api.w.org\/{rel}","templated":true}]}}