{"id":583,"date":"2019-02-26T10:29:18","date_gmt":"2019-02-26T09:29:18","guid":{"rendered":"https:\/\/spathailuxe.com\/doree\/?post_type=product&#038;p=583"},"modified":"2021-01-14T12:59:23","modified_gmt":"2021-01-14T11:59:23","slug":"carte-cadeau-copie-39","status":"publish","type":"product","link":"https:\/\/spathailuxe.com\/doree\/product\/carte-cadeau-copie-39\/","title":{"rendered":"Gommage du corps &#8211; SOLO 30min &#8211; CADEAU"},"content":{"rendered":"<p>Le gommage n\u2019est pas uniquement r\u00e9serv\u00e9 au visage, il est \u00e9galement valable pour le corps. En exfoliant les cellules mortes des couches sup\u00e9rieures de la peau, il joue un r\u00f4le essentiel dans la r\u00e9g\u00e9n\u00e9ration des nouvelles cellules.<\/p>\n","protected":false},"excerpt":{"rendered":"<p>OFFRE SP\u00c9CIALE<\/p>\n<p>59\u20ac AU LIEU DE 89\u20ac<\/p>\n","protected":false},"featured_media":696,"template":"","meta":[],"product_cat":[53],"product_tag":[],"_links":{"self":[{"href":"https:\/\/spathailuxe.com\/doree\/wp-json\/wp\/v2\/product\/583"}],"collection":[{"href":"https:\/\/spathailuxe.com\/doree\/wp-json\/wp\/v2\/product"}],"about":[{"href":"https:\/\/spathailuxe.com\/doree\/wp-json\/wp\/v2\/types\/product"}],"wp:featuredmedia":[{"embeddable":true,"href":"https:\/\/spathailuxe.com\/doree\/wp-json\/wp\/v2\/media\/696"}],"wp:attachment":[{"href":"https:\/\/spathailuxe.com\/doree\/wp-json\/wp\/v2\/media?parent=583"}],"wp:term":[{"taxonomy":"product_cat","embeddable":true,"href":"https:\/\/spathailuxe.com\/doree\/wp-json\/wp\/v2\/product_cat?post=583"},{"taxonomy":"product_tag","embeddable":true,"href":"https:\/\/spathailuxe.com\/doree\/wp-json\/wp\/v2\/product_tag?post=583"}],"curies":[{"name":"wp","href":"https:\/\/api.w.org\/{rel}","templated":true}]}}