{"id":346,"date":"2019-02-22T13:39:38","date_gmt":"2019-02-22T12:39:38","guid":{"rendered":"https:\/\/spathailuxe.com\/doree\/?post_type=product&#038;p=346"},"modified":"2021-01-12T13:45:40","modified_gmt":"2021-01-12T12:45:40","slug":"hammam-privatif-duo-30min","status":"publish","type":"product","link":"https:\/\/spathailuxe.com\/doree\/product\/hammam-privatif-duo-30min\/","title":{"rendered":"Hammam privatif &#8211; DUO 30min"},"content":{"rendered":"<p>S\u00e9ance de hammam privatif, id\u00e9al pour poursuivre avec un gommage du corps car la chaleur de la vapeur ouvre les pores et facilitent l\u2019\u00e9limination des peaux mortes lors du gommage. Le hammam privatif de chez Spa Tha\u00ef Luxe est le lieu id\u00e9al \u00e0 Paris pour se ressourcer et se retrouver avec sa moiti\u00e9 pour un pure moment de d\u00e9tente.<\/p>\n","protected":false},"excerpt":{"rendered":"<p>OFFRE SPECIALE<\/p>\n<p>79\u20ac AU LIEU DE 129\u20ac<\/p>\n","protected":false},"featured_media":696,"template":"","meta":[],"product_cat":[50],"product_tag":[],"_links":{"self":[{"href":"https:\/\/spathailuxe.com\/doree\/wp-json\/wp\/v2\/product\/346"}],"collection":[{"href":"https:\/\/spathailuxe.com\/doree\/wp-json\/wp\/v2\/product"}],"about":[{"href":"https:\/\/spathailuxe.com\/doree\/wp-json\/wp\/v2\/types\/product"}],"wp:featuredmedia":[{"embeddable":true,"href":"https:\/\/spathailuxe.com\/doree\/wp-json\/wp\/v2\/media\/696"}],"wp:attachment":[{"href":"https:\/\/spathailuxe.com\/doree\/wp-json\/wp\/v2\/media?parent=346"}],"wp:term":[{"taxonomy":"product_cat","embeddable":true,"href":"https:\/\/spathailuxe.com\/doree\/wp-json\/wp\/v2\/product_cat?post=346"},{"taxonomy":"product_tag","embeddable":true,"href":"https:\/\/spathailuxe.com\/doree\/wp-json\/wp\/v2\/product_tag?post=346"}],"curies":[{"name":"wp","href":"https:\/\/api.w.org\/{rel}","templated":true}]}}