{"id":342,"date":"2019-02-22T13:39:37","date_gmt":"2019-02-22T12:39:37","guid":{"rendered":"https:\/\/spathailuxe.com\/doree\/?post_type=product&#038;p=342"},"modified":"2021-01-12T14:10:12","modified_gmt":"2021-01-12T13:10:12","slug":"hammam-gommage-duo-1h00","status":"publish","type":"product","link":"https:\/\/spathailuxe.com\/doree\/product\/hammam-gommage-duo-1h00\/","title":{"rendered":"Hammam + Gommage &#8211; DUO 1H00"},"content":{"rendered":"<p>S\u00e9ance de hammam privatif, id\u00e9al pour poursuivre avec un gommage du corps car la chaleur de la vapeur ouvre les pores et facilitent l\u2019\u00e9limination des peaux mortes lors du gommage. Le hammam privatif de chez Spa Tha\u00ef Luxe est le lieu id\u00e9al \u00e0 Paris pour se ressourcer et se retrouver avec sa moiti\u00e9 pour un pure moment de d\u00e9tente.<\/p>\n<p>Le gommage n\u2019est pas uniquement r\u00e9serv\u00e9 au visage, il est \u00e9galement valable pour le corps. En exfoliant les cellules mortes des couches sup\u00e9rieures de la peau, il joue un r\u00f4le essentiel dans la r\u00e9g\u00e9n\u00e9ration des nouvelles cellules.<\/p>\n","protected":false},"excerpt":{"rendered":"<p>OFFRE SPECIALE<\/p>\n<p>169\u20ac AU LIEU DE 259\u20ac<\/p>\n","protected":false},"featured_media":696,"template":"","meta":[],"product_cat":[50],"product_tag":[],"_links":{"self":[{"href":"https:\/\/spathailuxe.com\/doree\/wp-json\/wp\/v2\/product\/342"}],"collection":[{"href":"https:\/\/spathailuxe.com\/doree\/wp-json\/wp\/v2\/product"}],"about":[{"href":"https:\/\/spathailuxe.com\/doree\/wp-json\/wp\/v2\/types\/product"}],"wp:featuredmedia":[{"embeddable":true,"href":"https:\/\/spathailuxe.com\/doree\/wp-json\/wp\/v2\/media\/696"}],"wp:attachment":[{"href":"https:\/\/spathailuxe.com\/doree\/wp-json\/wp\/v2\/media?parent=342"}],"wp:term":[{"taxonomy":"product_cat","embeddable":true,"href":"https:\/\/spathailuxe.com\/doree\/wp-json\/wp\/v2\/product_cat?post=342"},{"taxonomy":"product_tag","embeddable":true,"href":"https:\/\/spathailuxe.com\/doree\/wp-json\/wp\/v2\/product_tag?post=342"}],"curies":[{"name":"wp","href":"https:\/\/api.w.org\/{rel}","templated":true}]}}