{"id":336,"date":"2019-02-22T13:39:35","date_gmt":"2019-02-22T12:39:35","guid":{"rendered":"https:\/\/spathailuxe.com\/doree\/?post_type=product&#038;p=336"},"modified":"2022-10-17T19:05:27","modified_gmt":"2022-10-17T17:05:27","slug":"let-it-be-duo-1h30-hammam-30min-massage-aux-huiles-chaudes-100-naturelle-1h00","status":"publish","type":"product","link":"https:\/\/spathailuxe.com\/doree\/product\/let-it-be-duo-1h30-hammam-30min-massage-aux-huiles-chaudes-100-naturelle-1h00\/","title":{"rendered":"Let it Be &#8211; DUO 1H30 : Hammam 30min + Massage aux huiles chaudes 100% Naturelle 1H00"},"content":{"rendered":"<p>S\u00e9ance de hammam privatif, id\u00e9al pour poursuivre avec un gommage du corps car la chaleur de la vapeur ouvre les pores et facilitent l\u2019\u00e9limination des peaux mortes lors du gommage. Le hammam privatif de chez Spa Tha\u00ef Luxe est le lieu id\u00e9al \u00e0 Paris pour se ressourcer et se retrouver avec sa moiti\u00e9 pour un pure moment de d\u00e9tente.<\/p>\n<p>\u2014<\/p>\n<p>Modelage aux huiles chaudes 100% Naturelle.<br \/>\nLe modelage Thai aux huiles aromatiques chaudes alterne mouvements fluides et pressions profondes, tapotements et frictions sur les muscles les plus tendus. Gr\u00e2ce aux p\u00e9trissages musculaires exerc\u00e9s par les paumes, le modelage aux huiles aromatiques d\u00e9noue toutes les tensions et permet de r\u00e9\u00e9quilibrer la circulation \u00e9nerg\u00e9tique.<\/p>\n<p>Les vertus de ces huiles sont apaisantes, purifiantes, et vous assurent une relaxation intense. Les senteurs s\u00e9lectionn\u00e9es comme le jasmin, le th\u00e9 vert ou orchid\u00e9e vous procurent un bien \u00eatre total.<\/p>\n<p>Le modelage Thai aux huiles aromatiques chaudes est un combin\u00e9 relaxant, m\u00ealant les propri\u00e9t\u00e9s des huiles aromatiques \u00e0 l\u2019efficacit\u00e9 du massage Thai traditionnel, car il consiste aussi \u00e0 travailler sur les points et les lignes d\u2019\u00e9nergie.<\/p>\n<p>Bien que relaxant, le modelages aux huiles aromatiques chaudes est un modelage assez profond<\/p>\n","protected":false},"excerpt":{"rendered":"<p>OFFRE SP\u00c9CIALE<\/p>\n<p>199\u20ac au lieu de 259\u20ac<\/p>\n","protected":false},"featured_media":696,"template":"","meta":[],"product_cat":[50],"product_tag":[],"_links":{"self":[{"href":"https:\/\/spathailuxe.com\/doree\/wp-json\/wp\/v2\/product\/336"}],"collection":[{"href":"https:\/\/spathailuxe.com\/doree\/wp-json\/wp\/v2\/product"}],"about":[{"href":"https:\/\/spathailuxe.com\/doree\/wp-json\/wp\/v2\/types\/product"}],"wp:featuredmedia":[{"embeddable":true,"href":"https:\/\/spathailuxe.com\/doree\/wp-json\/wp\/v2\/media\/696"}],"wp:attachment":[{"href":"https:\/\/spathailuxe.com\/doree\/wp-json\/wp\/v2\/media?parent=336"}],"wp:term":[{"taxonomy":"product_cat","embeddable":true,"href":"https:\/\/spathailuxe.com\/doree\/wp-json\/wp\/v2\/product_cat?post=336"},{"taxonomy":"product_tag","embeddable":true,"href":"https:\/\/spathailuxe.com\/doree\/wp-json\/wp\/v2\/product_tag?post=336"}],"curies":[{"name":"wp","href":"https:\/\/api.w.org\/{rel}","templated":true}]}}