{"id":334,"date":"2019-02-22T13:39:34","date_gmt":"2019-02-22T12:39:34","guid":{"rendered":"https:\/\/spathailuxe.com\/doree\/?post_type=product&#038;p=334"},"modified":"2022-11-26T19:27:32","modified_gmt":"2022-11-26T18:27:32","slug":"purple-haze-duo-1h30-massage-thai-traditionnel-1h00-reflexologie-plantaire-ou-cranienne-30min","status":"publish","type":"product","link":"https:\/\/spathailuxe.com\/doree\/product\/purple-haze-duo-1h30-massage-thai-traditionnel-1h00-reflexologie-plantaire-ou-cranienne-30min\/","title":{"rendered":"Purple Haze- DUO 1H30 : Massage tha\u00ef traditionnel 1H00 + R\u00e9flexologie plantaire ou cr\u00e2nienne 30min"},"content":{"rendered":"<p>La massage thai Traditionnel est pratiqu\u00e9 depuis plusieurs mill\u00e9naires, appel\u00e9 aussi Nuad-Bo-Ran, il puise ses origines du shiatsu, du massage tao\u00efste, du massage ayurv\u00e9dique indien et du yoga. V\u00eatu d\u2019une tenue ample, vous r\u00e9aliserez des \u00e9tirements et certains mouvements articulaires dirig\u00e9s par notre praticienne. Des points de pression profonds appliqu\u00e9s avec pr\u00e9cision vous aideront \u00e0 d\u00e9contracter vos muscles (cette pratique est tr\u00e8s appr\u00e9ci\u00e9 des sportifs).<\/p>\n<p>Enfin le massage tha\u00ef traditionnel participera au bon fonctionnement de vos organes gr\u00e2ce \u00e0 l\u2019harmonisation de vos r\u00e9seaux de bio-\u00e9nergie, la d\u00e9tente nerveuse et \u00e9motionnelle. Si vous d\u00e9sirez un massage doux et relaxant, il conviendra de pr\u00e9f\u00e9rer un massage aux huiles aromatiques ou chaudes.<\/p>\n<p>Le massage tha\u00ef traditionnel s\u2019effectuer normalement sur un matelas \u00e0 m\u00eame le sol ou une table de massage assez large pour que la praticienne puisse y monter aussi, vous \u00eates v\u00eatu d\u2019habits amples et confortables. La masseuse vous fait passer d\u2019une posture \u00e0 une autre (sur le dos, plat-ventre, cot\u00e9, assis) et pratique une combinaison traditionnelle de massages palmaires, de pressions et de doux \u00e9tirements passifs. Ce massage thai particuli\u00e8rement tonique revitalise le corps en profondeur en r\u00e9\u00e9quilibrant l\u2019\u00e9nergie. C\u2019est l\u2019un des incontournables de notre salon de massage. Par le p\u00e9trissage des muscles, il d\u00e9tend, d\u00e9noue les blocages et les tensions musculaires. Le recours \u00e0 la digitopuncture permet en pressant des points pr\u00e9cis d\u2019acupuncture de r\u00e9\u00e9quilibrer le Qi, c\u2019est-\u00e0-dire l\u2019\u00e9nergie vitale, pr\u00e9sente en nous et autour de nous. Dans la tradition asiatique, toute maladie est li\u00e9e \u00e0 un d\u00e9s\u00e9quilibre du Qi. Cette pratique am\u00e9liore \u00e9galement la circulation sanguine. Enfin les \u00e9tirements inspir\u00e9s du yoga, le travail articulaire et les manipulations du squelette am\u00e9liorent la fluidit\u00e9 et l\u2019aisance corporelle. Tout rentre dans l\u2019ordre. En Tha\u00eflande, le massage se pratique \u00e0 titre pr\u00e9ventif et th\u00e9rapeutique. Il est particuli\u00e8rement efficace pour traiter les douleurs dorsales, les probl\u00e8mes de circulation, les maux de t\u00eate, les insomnies, les angoisses, la fatigue g\u00e9n\u00e9ralis\u00e9e, le stress etc. Pratiqu\u00e9 r\u00e9guli\u00e8rement il rend la vie quotidienne plus harmonieuse. Traditionnellement, on l\u2019enseigne dans les temples bouddhistes, l\u2019\u00e9cole la plus fameuse \u00e9tant celle du Wat Po, de Bangkok. Le soin du corps n\u2019est jamais loin de celui de l\u2019\u00e2me. D\u2019ailleurs le massage tha\u00ef s\u2019il d\u00e9noue les tensions physiques permet \u00e9galement de lib\u00e9rer les \u00e9motions n\u00e9gatives.<\/p>\n<p>\u2014<\/p>\n<p>La r\u00e9flexologie cr\u00e2nienne r\u00e9pond aux personnes qui souhaitent allier relaxation et \u00e9quilibre entre le corps et l\u2019esprit.<br \/>\nGr\u00e2ce \u00e0 une m\u00e9thode s\u00e9culaire de relaxation, la r\u00e9flexologie cr\u00e2nienne allie massages physiologiques et harmonie d\u2019\u00e9nergie int\u00e9rieure en exer\u00e7ant des pressions et des frictions du haut du cr\u00e2ne jusqu\u2019aux \u00e9paules.<\/p>\n<p>\u2014<\/p>\n<p>Depuis plus de 3000 ans le foot massage r\u00e9flexologie Plantaire ou massage tha\u00ef des pieds permet de pr\u00e9venir de nombreux maux tels que les troubles digestifs, les migraines ou encore les jambes lourdes.<\/p>\n<p>La r\u00e9flexologie plantaire consiste en la manipulation des pieds et des jambes par des massages et des pressions cibl\u00e9es \u00e0 l\u2019aide d\u2019un stick de massage ou directement avec les paumes de mains et les doigts. Il stimule les organes internes \u00e0 travers des zones r\u00e9flexes situ\u00e9es sur la face plantaire des pieds. Il permet d\u2019\u00e9vacuer efficacement le stress de la vie quotidienne et de se d\u00e9tendre. Combinez ce soin \u00e0 un massage au choix pour plus de d\u00e9tente.<\/p>\n","protected":false},"excerpt":{"rendered":"<p>OFFRE SP\u00c9CIALE<\/p>\n<p>209\u20ac au lieu de 259\u20ac<\/p>\n","protected":false},"featured_media":696,"template":"","meta":[],"product_cat":[50],"product_tag":[],"_links":{"self":[{"href":"https:\/\/spathailuxe.com\/doree\/wp-json\/wp\/v2\/product\/334"}],"collection":[{"href":"https:\/\/spathailuxe.com\/doree\/wp-json\/wp\/v2\/product"}],"about":[{"href":"https:\/\/spathailuxe.com\/doree\/wp-json\/wp\/v2\/types\/product"}],"wp:featuredmedia":[{"embeddable":true,"href":"https:\/\/spathailuxe.com\/doree\/wp-json\/wp\/v2\/media\/696"}],"wp:attachment":[{"href":"https:\/\/spathailuxe.com\/doree\/wp-json\/wp\/v2\/media?parent=334"}],"wp:term":[{"taxonomy":"product_cat","embeddable":true,"href":"https:\/\/spathailuxe.com\/doree\/wp-json\/wp\/v2\/product_cat?post=334"},{"taxonomy":"product_tag","embeddable":true,"href":"https:\/\/spathailuxe.com\/doree\/wp-json\/wp\/v2\/product_tag?post=334"}],"curies":[{"name":"wp","href":"https:\/\/api.w.org\/{rel}","templated":true}]}}