{"id":328,"date":"2019-02-22T13:39:32","date_gmt":"2019-02-22T12:39:32","guid":{"rendered":"https:\/\/spathailuxe.com\/doree\/?post_type=product&#038;p=328"},"modified":"2022-09-12T18:23:12","modified_gmt":"2022-09-12T16:23:12","slug":"a-midsummer-nights-dream-duo-2h00-hammam-30min-massage-aux-huiles-chaudes-1h00-reflexologie-30min","status":"publish","type":"product","link":"https:\/\/spathailuxe.com\/doree\/product\/a-midsummer-nights-dream-duo-2h00-hammam-30min-massage-aux-huiles-chaudes-1h00-reflexologie-30min\/","title":{"rendered":"A Midsummer Night&#8217;s Dream &#8211; DUO 2H00 :  Hammam 30min + Massage aux huiles chaudes 1H00 + R\u00e9flexologie 30min"},"content":{"rendered":"<p>S\u00e9ance de hammam privatif, id\u00e9al pour poursuivre avec un gommage du corps car la chaleur de la vapeur ouvre les pores et facilitent l\u2019\u00e9limination des peaux mortes lors du gommage. Le hammam privatif de chez Spa Tha\u00ef Luxe est le lieu id\u00e9al \u00e0 Paris pour se ressourcer et se retrouver avec sa moiti\u00e9 pour un pure moment de d\u00e9tente.<\/p>\n<p>\u2014<\/p>\n<p>Modelage aux huiles chaudes 100% Naturelle.<br \/>\nLe modelage Thai aux huiles aromatiques chaudes alterne mouvements fluides et pressions profondes, tapotements et frictions sur les muscles les plus tendus. Gr\u00e2ce aux p\u00e9trissages musculaires exerc\u00e9s par les paumes, le modelage aux huiles aromatiques d\u00e9noue toutes les tensions et permet de r\u00e9\u00e9quilibrer la circulation \u00e9nerg\u00e9tique.<\/p>\n<p>Les vertus de ces huiles sont apaisantes, purifiantes, et vous assurent une relaxation intense. Les senteurs s\u00e9lectionn\u00e9es comme le jasmin, le th\u00e9 vert ou orchid\u00e9e vous procurent un bien \u00eatre total.<\/p>\n<p>Le modelage Thai aux huiles aromatiques chaudes est un combin\u00e9 relaxant, m\u00ealant les propri\u00e9t\u00e9s des huiles aromatiques \u00e0 l\u2019efficacit\u00e9 du massage Thai traditionnel, car il consiste aussi \u00e0 travailler sur les points et les lignes d\u2019\u00e9nergie.<\/p>\n<p>Bien que relaxant, le modelages aux huiles aromatiques chaudes est un modelage assez profond<\/p>\n<p>\u2014<\/p>\n<p>La r\u00e9flexologie cr\u00e2nienne r\u00e9pond aux personnes qui souhaitent allier relaxation et \u00e9quilibre entre le corps et l\u2019esprit.<br \/>\nGr\u00e2ce \u00e0 une m\u00e9thode s\u00e9culaire de relaxation, la r\u00e9flexologie cr\u00e2nienne allie massages physiologiques et harmonie d\u2019\u00e9nergie int\u00e9rieure en exer\u00e7ant des pressions et des frictions du haut du cr\u00e2ne jusqu\u2019aux \u00e9paules.<\/p>\n<p>\u2014<\/p>\n<p>Depuis plus de 3000 ans le foot massage r\u00e9flexologie Plantaire ou massage tha\u00ef des pieds permet de pr\u00e9venir de nombreux maux tels que les troubles digestifs, les migraines ou encore les jambes lourdes.<\/p>\n<p>La r\u00e9flexologie plantaire consiste en la manipulation des pieds et des jambes par des massages et des pressions cibl\u00e9es \u00e0 l\u2019aide d\u2019un stick de massage ou directement avec les paumes de mains et les doigts. Il stimule les organes internes \u00e0 travers des zones r\u00e9flexes situ\u00e9es sur la face plantaire des pieds. Il permet d\u2019\u00e9vacuer efficacement le stress de la vie quotidienne et de se d\u00e9tendre. Combinez ce soin \u00e0 un massage au choix pour plus de d\u00e9tente.<\/p>\n","protected":false},"excerpt":{"rendered":"<p>OFFRE SP\u00c9CIALE<\/p>\n<p>269\u20ac au lieu de 389\u20ac<\/p>\n","protected":false},"featured_media":696,"template":"","meta":[],"product_cat":[50],"product_tag":[],"_links":{"self":[{"href":"https:\/\/spathailuxe.com\/doree\/wp-json\/wp\/v2\/product\/328"}],"collection":[{"href":"https:\/\/spathailuxe.com\/doree\/wp-json\/wp\/v2\/product"}],"about":[{"href":"https:\/\/spathailuxe.com\/doree\/wp-json\/wp\/v2\/types\/product"}],"wp:featuredmedia":[{"embeddable":true,"href":"https:\/\/spathailuxe.com\/doree\/wp-json\/wp\/v2\/media\/696"}],"wp:attachment":[{"href":"https:\/\/spathailuxe.com\/doree\/wp-json\/wp\/v2\/media?parent=328"}],"wp:term":[{"taxonomy":"product_cat","embeddable":true,"href":"https:\/\/spathailuxe.com\/doree\/wp-json\/wp\/v2\/product_cat?post=328"},{"taxonomy":"product_tag","embeddable":true,"href":"https:\/\/spathailuxe.com\/doree\/wp-json\/wp\/v2\/product_tag?post=328"}],"curies":[{"name":"wp","href":"https:\/\/api.w.org\/{rel}","templated":true}]}}